{"id":343,"date":"2016-11-27T17:27:17","date_gmt":"2016-11-27T17:27:17","guid":{"rendered":"http:\/\/tuchobrew.ch\/?post_type=product&#038;p=343"},"modified":"2016-12-20T21:07:14","modified_gmt":"2016-12-20T21:07:14","slug":"siamese-dream-pumpkin-ale","status":"publish","type":"product","link":"https:\/\/tuchobrew.ch\/?product=siamese-dream-pumpkin-ale","title":{"rendered":"&#8222;SIAMESE DREAM&#8220; PUMPKIN ALE"},"content":{"rendered":"<p>Mit \u201eSiamese Dream\u201c haben wir ein K\u00fcrbis-Bier gebraut, das etwas leichter, sch\u00f6n spritzig und s\u00fcffig daher kommt. F\u00fcnf Kilo karamellisierter K\u00fcrbis, f\u00fcnf Malz-Sorten und drei ausgew\u00e4hlte Hopfen sind im Bier enthalten.<\/p>\n","protected":false},"excerpt":{"rendered":"<p>Mit \u201eSiamese Dream\u201c haben wir ein K\u00fcrbis-Bier gebraut, das etwas leichter, sch\u00f6n spritzig und s\u00fcffig daher kommt. F\u00fcnf Kilo karamellisierter K\u00fcrbis, f\u00fcnf Malz-Sorten und drei ausgew\u00e4hlte Hopfen sind im Bier enthalten.<\/p>\n","protected":false},"featured_media":342,"comment_status":"open","ping_status":"closed","template":"","meta":[],"product_brand":[],"product_cat":[27],"product_tag":[],"class_list":{"0":"post-343","1":"product","2":"type-product","3":"status-publish","4":"has-post-thumbnail","6":"product_cat-bier","8":"first","9":"outofstock","10":"shipping-taxable","11":"purchasable","12":"product-type-simple"},"_links":{"self":[{"href":"https:\/\/tuchobrew.ch\/index.php?rest_route=\/wp\/v2\/product\/343","targetHints":{"allow":["GET"]}}],"collection":[{"href":"https:\/\/tuchobrew.ch\/index.php?rest_route=\/wp\/v2\/product"}],"about":[{"href":"https:\/\/tuchobrew.ch\/index.php?rest_route=\/wp\/v2\/types\/product"}],"replies":[{"embeddable":true,"href":"https:\/\/tuchobrew.ch\/index.php?rest_route=%2Fwp%2Fv2%2Fcomments&post=343"}],"wp:featuredmedia":[{"embeddable":true,"href":"https:\/\/tuchobrew.ch\/index.php?rest_route=\/wp\/v2\/media\/342"}],"wp:attachment":[{"href":"https:\/\/tuchobrew.ch\/index.php?rest_route=%2Fwp%2Fv2%2Fmedia&parent=343"}],"wp:term":[{"taxonomy":"product_brand","embeddable":true,"href":"https:\/\/tuchobrew.ch\/index.php?rest_route=%2Fwp%2Fv2%2Fproduct_brand&post=343"},{"taxonomy":"product_cat","embeddable":true,"href":"https:\/\/tuchobrew.ch\/index.php?rest_route=%2Fwp%2Fv2%2Fproduct_cat&post=343"},{"taxonomy":"product_tag","embeddable":true,"href":"https:\/\/tuchobrew.ch\/index.php?rest_route=%2Fwp%2Fv2%2Fproduct_tag&post=343"}],"curies":[{"name":"wp","href":"https:\/\/api.w.org\/{rel}","templated":true}]}}